{"id":6,"date":"2023-08-13T00:17:02","date_gmt":"2023-08-13T04:17:02","guid":{"rendered":"https:\/\/gauthierpureentreprise.com\/?page_id=6"},"modified":"2023-08-13T10:55:17","modified_gmt":"2023-08-13T14:55:17","slug":"le-nouveau-e-mucem-ouvre-ses-portes-2","status":"publish","type":"page","link":"https:\/\/gauthierpureentreprise.com\/","title":{"rendered":"Avec PURE SENSE, commencer \u00e0 respirer !"},"content":{"rendered":"\n<div class=\"wp-block-group alignwide\"><div class=\"wp-block-group__inner-container is-layout-flow wp-block-group-is-layout-flow\">\n<h2 class=\"wp-block-heading has-text-align-center has-accent-color has-text-color\">Pourquoi utiliser un purificateur d&rsquo;air ?<\/h2>\n<\/div><\/div>\n\n\n\n<div class=\"wp-block-group alignwide\"><div class=\"wp-block-group__inner-container is-layout-flow wp-block-group-is-layout-flow\">\n<h5 class=\"wp-block-heading has-text-align-center\">Les contaminants comme la poussi\u00e8re, les squames, le pollen et d&rsquo;autres particules peuvent rendre l&rsquo;air int\u00e9rieur de votre maison plus pollu\u00e9 que vous ne l&rsquo;imaginez, peut-\u00eatre m\u00eame plus pollu\u00e9 que l&rsquo;air ext\u00e9rieur.<\/h5>\n<\/div><\/div>\n\n\n\n<div class=\"wp-block-group alignwide\"><div class=\"wp-block-group__inner-container is-layout-flow wp-block-group-is-layout-flow\">\n<h5 class=\"wp-block-heading alignwide has-text-align-center\">Le taux de CO2 dans une pi\u00e8ce est devenu un indicateur de confinement voire un indicateur de risque sanitaire pour savoir s&rsquo;il convient d&rsquo;a\u00e9rer ou ventiler. Mais parfois, cette action n&rsquo;est pas possible ou se r\u00e9v\u00e8le insuffisante qu&rsquo;il s&rsquo;agisse d&rsquo;un \u00e9tablissement recevant du public, un local porfessionnel, une maison ou appartement. Il faut alors purifer l&rsquo;air !<\/h5>\n<\/div><\/div>\n\n\n\n<div class=\"wp-block-columns alignwide is-layout-flex wp-container-core-columns-is-layout-9d6595d7 wp-block-columns-is-layout-flex\">\n<div class=\"wp-block-column is-layout-flow wp-block-column-is-layout-flow\">\n<div class=\"wp-block-group\"><div class=\"wp-block-group__inner-container is-layout-flow wp-block-group-is-layout-flow\">\n<figure class=\"wp-block-image alignfull size-full\"><img loading=\"lazy\" decoding=\"async\" width=\"679\" height=\"728\" src=\"https:\/\/gauthierpureentreprise.com\/wp-content\/uploads\/2023\/08\/01.jpg\" alt=\"\" class=\"wp-image-60\" srcset=\"https:\/\/gauthierpureentreprise.com\/wp-content\/uploads\/2023\/08\/01.jpg 679w, https:\/\/gauthierpureentreprise.com\/wp-content\/uploads\/2023\/08\/01-280x300.jpg 280w\" sizes=\"auto, (max-width: 679px) 100vw, 679px\" \/><\/figure>\n\n\n\n<h3 class=\"wp-block-heading\">PURE SENSE<\/h3>\n\n\n\n<p>Respirez \u00e0 pleins poumons.<\/p>\n\n\n\n<div class=\"wp-block-button is-style-outline is-style-outline--1\"><a class=\"wp-block-button__link wp-element-button\" href=\"https:\/\/gauthierpureentreprise.com\/?page_id=8\">CONTACTEZ-NOUS<\/a><\/div>\n<\/div><\/div>\n\n\n\n<div class=\"wp-block-group\"><div class=\"wp-block-group__inner-container is-layout-flow wp-block-group-is-layout-flow\">\n<figure class=\"wp-block-image alignfull size-full\"><img loading=\"lazy\" decoding=\"async\" width=\"679\" height=\"728\" src=\"https:\/\/gauthierpureentreprise.com\/wp-content\/uploads\/2023\/08\/03-1.jpg\" alt=\"\" class=\"wp-image-69\" srcset=\"https:\/\/gauthierpureentreprise.com\/wp-content\/uploads\/2023\/08\/03-1.jpg 679w, https:\/\/gauthierpureentreprise.com\/wp-content\/uploads\/2023\/08\/03-1-280x300.jpg 280w\" sizes=\"auto, (max-width: 679px) 100vw, 679px\" \/><\/figure>\n\n\n\n<h3 class=\"wp-block-heading\">Discr\u00e9tion<\/h3>\n\n\n\n<p>Se fond dans votre environnement.<\/p>\n\n\n\n<div class=\"wp-block-button is-style-outline is-style-outline--2\"><a class=\"wp-block-button__link wp-element-button\" href=\"https:\/\/gauthierpureentreprise.com\/?page_id=8\">CONTACTEZ-NOUS<\/a><\/div>\n<\/div><\/div>\n<\/div>\n\n\n\n<div class=\"wp-block-column is-layout-flow wp-block-column-is-layout-flow\">\n<div class=\"wp-block-group\"><div class=\"wp-block-group__inner-container is-layout-flow wp-block-group-is-layout-flow\">\n<figure class=\"wp-block-image alignfull size-full\"><img loading=\"lazy\" decoding=\"async\" width=\"679\" height=\"728\" src=\"https:\/\/gauthierpureentreprise.com\/wp-content\/uploads\/2023\/08\/02-1.jpg\" alt=\"\" class=\"wp-image-39\" srcset=\"https:\/\/gauthierpureentreprise.com\/wp-content\/uploads\/2023\/08\/02-1.jpg 679w, https:\/\/gauthierpureentreprise.com\/wp-content\/uploads\/2023\/08\/02-1-280x300.jpg 280w\" sizes=\"auto, (max-width: 679px) 100vw, 679px\" \/><\/figure>\n\n\n\n<h3 class=\"wp-block-heading\">Personnalisation<\/h3>\n\n\n\n<p>1er ao\u00fbt au 1er d\u00e9cembre !<\/p>\n\n\n\n<div class=\"wp-block-button is-style-outline is-style-outline--3\"><a class=\"wp-block-button__link wp-element-button\" href=\"https:\/\/gauthierpureentreprise.com\/?page_id=8\">CONTACTEZ-NOUS<\/a><\/div>\n<\/div><\/div>\n\n\n\n<div class=\"wp-block-group\"><div class=\"wp-block-group__inner-container is-layout-flow wp-block-group-is-layout-flow\">\n<figure class=\"wp-block-image alignfull size-full\"><img loading=\"lazy\" decoding=\"async\" width=\"679\" height=\"728\" src=\"https:\/\/gauthierpureentreprise.com\/wp-content\/uploads\/2023\/08\/04-1.jpg\" alt=\"\" class=\"wp-image-70\" srcset=\"https:\/\/gauthierpureentreprise.com\/wp-content\/uploads\/2023\/08\/04-1.jpg 679w, https:\/\/gauthierpureentreprise.com\/wp-content\/uploads\/2023\/08\/04-1-280x300.jpg 280w\" sizes=\"auto, (max-width: 679px) 100vw, 679px\" \/><\/figure>\n\n\n\n<h3 class=\"wp-block-heading\">Plusieurs coloris<\/h3>\n\n\n\n<p>Choisissez celui qui vous va le mieux.<\/p>\n\n\n\n<div class=\"wp-block-button is-style-outline is-style-outline--4\"><a class=\"wp-block-button__link wp-element-button\" href=\"https:\/\/gauthierpureentreprise.com\/?page_id=8\">CONTACTEZ-NOUS<\/a><\/div>\n<\/div><\/div>\n<\/div>\n<\/div>\n\n\n\n<div class=\"wp-block-group alignwide\"><div class=\"wp-block-group__inner-container is-layout-flow wp-block-group-is-layout-flow\">\n<h3 class=\"wp-block-heading has-text-align-center has-accent-color has-text-color\">Quels sont les objectifs de notre purificateur d&rsquo;air PURE SENSE ?<\/h3>\n<\/div><\/div>\n\n\n\n<div class=\"wp-block-group alignwide\"><div class=\"wp-block-group__inner-container is-layout-flow wp-block-group-is-layout-flow\">\n<h5 class=\"wp-block-heading alignwide has-text-align-center\">Limiter la propagation de r\u00e9sidus nocifs ou d&rsquo;\u00e9l\u00e9ments allergiques voire viraux, pr\u00e9venir les probl\u00e8mes d&rsquo;asthme ou d&rsquo;allergies li\u00e9s \u00e0 la mauvaise qualit\u00e9 de l&rsquo;air int\u00e9rieur chez les personnes \u00e0 risque (enfants, personnes \u00e2g\u00e9es ou sensibles).<\/h5>\n<\/div><\/div>\n\n\n\n<figure class=\"wp-block-image alignfull size-full\"><img loading=\"lazy\" decoding=\"async\" width=\"640\" height=\"300\" src=\"https:\/\/gauthierpureentreprise.com\/wp-content\/uploads\/2023\/08\/comment-fonctionne-purificateur-filtres.jpg\" alt=\"\" class=\"wp-image-40\" srcset=\"https:\/\/gauthierpureentreprise.com\/wp-content\/uploads\/2023\/08\/comment-fonctionne-purificateur-filtres.jpg 640w, https:\/\/gauthierpureentreprise.com\/wp-content\/uploads\/2023\/08\/comment-fonctionne-purificateur-filtres-300x141.jpg 300w\" sizes=\"auto, (max-width: 640px) 100vw, 640px\" \/><\/figure>\n\n\n\n<div class=\"wp-block-group alignwide\"><div class=\"wp-block-group__inner-container is-layout-flow wp-block-group-is-layout-flow\">\n<h5 class=\"wp-block-heading alignwide has-text-align-center\">Notre purificateur d&rsquo;air PURE SENSE, \u00e0 ne pas confondre avec un <a href=\"https:\/\/www.nateosante.com\/fr\/blog\/pourquoi-un-ioniseur-dair-ne-suffit-pas-pour-purifier-son-air-interieur\/\" target=\"_blank\" rel=\"noreferrer noopener\">ioniseur d&rsquo;air<\/a> ou un <a href=\"https:\/\/www.nateosante.com\/fr\/blog\/purificateurs-dair-humidificateur-dair-et-deshumidificateur-dair-quelles-differences\/\" target=\"_blank\" rel=\"noreferrer noopener\">humidificateur d&rsquo;air<\/a>, peut \u00eatre utilis\u00e9 de mani\u00e8re pr\u00e9ventive et\/ou curative, \u00e0 domicile, dans des bureaux ferm\u00e9s, des open spaces ou des lieux de co-working, des commerces, salons de coiffure, h\u00f4tels ou restaurants, des cabinets m\u00e9dicaux et para-m\u00e9dicaux&#8230; Par extension, Covid-19 oblige, il prend une place croissante dans tous les lieux ferm\u00e9.<\/h5>\n<\/div><\/div>\n\n\n\n<div class=\"wp-block-group alignwide\"><div class=\"wp-block-group__inner-container is-layout-flow wp-block-group-is-layout-flow\">\n<h2 class=\"wp-block-heading has-text-align-center has-accent-color has-text-color\">Une technologie avanc\u00e9e pour purifier l&rsquo;air<\/h2>\n\n\n\n<p><\/p>\n<\/div><\/div>\n\n\n\n<p class=\"has-drop-cap\">PURE SENSE est \u00e9quip\u00e9 de lampes UV-C germicides, destin\u00e9es \u00e0 am\u00e9liorer l&rsquo;air de la pi\u00e8ce.<\/p>\n\n\n\n<p><\/p>\n\n\n\n<p class=\"has-drop-cap\">Un purificateur coupl\u00e9es au filtre \u00e0 oxydation, qui \u00e9liminent les Compos\u00e9s Organiques Volatils (COV), les gaz, les fum\u00e9es, les odeurs et les micro-organismes de l&rsquo;air int\u00e9rieur.<\/p>\n\n\n\n<p><\/p>\n\n\n\n<p class=\"has-drop-cap\">Remote, les fonctions sont facilement activable \u00e0 distance avec l&rsquo;application mobile ou directement depuis l&rsquo;\u00e9cran.<\/p>\n\n\n\n<p><\/p>\n\n\n\n<p class=\"has-drop-cap\">Efficacit\u00e9, des performances professionnel avec PURE SENSE.<\/p>\n\n\n\n<div class=\"wp-block-group alignwide has-background\" style=\"background-color:#ffffff\"><div class=\"wp-block-group__inner-container is-layout-flow wp-block-group-is-layout-flow\">\n<div class=\"wp-block-group\"><div class=\"wp-block-group__inner-container is-layout-flow wp-block-group-is-layout-flow\">\n<h2 class=\"wp-block-heading has-text-align-center\">N&rsquo;h\u00e9sitez plus&nbsp;!<\/h2>\n\n\n\n<div class=\"wp-block-button aligncenter\"><a class=\"wp-block-button__link wp-element-button\" href=\"https:\/\/gauthierpureentreprise.com\/?page_id=8\">CONTACTEZ-NOUS<\/a><\/div>\n<\/div><\/div>\n<\/div><\/div>\n","protected":false},"excerpt":{"rendered":"<p>Pourquoi utiliser un purificateur d&rsquo;air ? Les contaminants comme la poussi\u00e8re, les squames, le pollen et d&rsquo;autres particules peuvent rendre l&rsquo;air int\u00e9rieur de votre maison plus pollu\u00e9 que vous ne l&rsquo;imaginez, peut-\u00eatre m\u00eame plus pollu\u00e9 que l&rsquo;air ext\u00e9rieur. Le taux de CO2 dans une pi\u00e8ce est devenu un indicateur de confinement voire un indicateur de [&hellip;]<\/p>\n","protected":false},"author":1,"featured_media":71,"parent":0,"menu_order":0,"comment_status":"closed","ping_status":"closed","template":"","meta":{"footnotes":""},"class_list":["post-6","page","type-page","status-publish","has-post-thumbnail","hentry"],"_links":{"self":[{"href":"https:\/\/gauthierpureentreprise.com\/index.php?rest_route=\/wp\/v2\/pages\/6","targetHints":{"allow":["GET"]}}],"collection":[{"href":"https:\/\/gauthierpureentreprise.com\/index.php?rest_route=\/wp\/v2\/pages"}],"about":[{"href":"https:\/\/gauthierpureentreprise.com\/index.php?rest_route=\/wp\/v2\/types\/page"}],"author":[{"embeddable":true,"href":"https:\/\/gauthierpureentreprise.com\/index.php?rest_route=\/wp\/v2\/users\/1"}],"replies":[{"embeddable":true,"href":"https:\/\/gauthierpureentreprise.com\/index.php?rest_route=%2Fwp%2Fv2%2Fcomments&post=6"}],"version-history":[{"count":17,"href":"https:\/\/gauthierpureentreprise.com\/index.php?rest_route=\/wp\/v2\/pages\/6\/revisions"}],"predecessor-version":[{"id":73,"href":"https:\/\/gauthierpureentreprise.com\/index.php?rest_route=\/wp\/v2\/pages\/6\/revisions\/73"}],"wp:featuredmedia":[{"embeddable":true,"href":"https:\/\/gauthierpureentreprise.com\/index.php?rest_route=\/wp\/v2\/media\/71"}],"wp:attachment":[{"href":"https:\/\/gauthierpureentreprise.com\/index.php?rest_route=%2Fwp%2Fv2%2Fmedia&parent=6"}],"curies":[{"name":"wp","href":"https:\/\/api.w.org\/{rel}","templated":true}]}}